{"id":2797,"date":"2021-08-27T11:31:26","date_gmt":"2021-08-27T11:31:26","guid":{"rendered":"https:\/\/sommet.centreest.ca\/?page_id=2797"},"modified":"2022-09-13T15:27:17","modified_gmt":"2022-09-13T21:27:17","slug":"kids-corner","status":"publish","type":"page","link":"https:\/\/sommet.centreest.ca\/en\/kids-corner\/","title":{"rendered":"Kid&#8217;s Corner"},"content":{"rendered":"<div class=\"wpb-content-wrapper\"><p>[vc_row][vc_column][vc_column_text]You will find all kinds of information in this page specially created for you.<\/p>\n<p>All the resources are in French.[\/vc_column_text][vc_separator][vc_column_text]<\/p>\n<h2>Pour tous<\/h2>\n<p><strong><a href=\"https:\/\/sommet.centreest.ca\/wp-content\/uploads\/2021\/08\/Reglements-Ecole-Sommet-2.pdf\" target=\"_blank\" rel=\"noopener\">R\u00e8glements d&#8217;\u00e9cole<\/a><\/strong><\/p>\n<p><strong><a href=\"https:\/\/sommet.centreest.ca\/wp-content\/uploads\/2021\/08\/Code-de-vie-Ecole-Sommet.pdf\" target=\"_blank\" rel=\"noopener\">Code de vie de l&#8217;\u00e9cole du Sommet<\/a><\/strong>[\/vc_column_text][vc_separator][vc_column_text]<img loading=\"lazy\" decoding=\"async\" class=\"aligncenter wp-image-182\" src=\"https:\/\/sommet.centreest.ca\/wp-content\/uploads\/2021\/08\/Sommet_banniere_Primaire.jpg\" alt=\"\" width=\"1771\" height=\"371\" srcset=\"https:\/\/sommet.centreest.ca\/wp-content\/uploads\/2021\/08\/Sommet_banniere_Primaire.jpg 850w, https:\/\/sommet.centreest.ca\/wp-content\/uploads\/2021\/08\/Sommet_banniere_Primaire-300x63.jpg 300w, https:\/\/sommet.centreest.ca\/wp-content\/uploads\/2021\/08\/Sommet_banniere_Primaire-768x161.jpg 768w\" sizes=\"auto, (max-width: 1771px) 100vw, 1771px\" \/>[\/vc_column_text][vc_column_text]<strong>Ressources p\u00e9dagogiques<\/strong><\/p>\n<p><strong><a href=\"https:\/\/www.alloprof.qc.ca\" target=\"_blank\" rel=\"noopener nofollow\">Aide aux devoirs &#8211; Allo Prof<\/a><\/strong><\/p>\n<p><strong><a href=\"https:\/\/vfc.acelf.ca\" target=\"_blank\" rel=\"noopener nofollow\">Francophonie canadienne &#8211; ACELF<\/a><\/strong><\/p>\n<p>&nbsp;<\/p>\n<p><strong>Sites Web et applications int\u00e9ressantes<\/strong><\/p>\n<p><a href=\"https:\/\/sommet.centreest.ca\/wp-content\/uploads\/2021\/08\/Temps-decran-educatif.pdf\" target=\"_blank\" rel=\"noopener\"><strong>Liste de sites Web \u00e9ducatifs<\/strong><\/a><\/p>\n<p><a href=\"https:\/\/ici.radio-canada.ca\/jeunesse\/maj\" target=\"_blank\" rel=\"noopener nofollow\"><strong>Actualit\u00e9 pour les jeunes &#8211; MAJ<\/strong><\/a><\/p>\n<p><a href=\"https:\/\/ici.radio-canada.ca\/jeunesse\/scolaire\/emissions\/441\/oniva\" target=\"_blank\" rel=\"noopener nofollow\"><b>\u00c9mission jeunesse &#8211; Oniva<\/b><\/a><\/p>\n<p>&nbsp;<\/p>\n<p><strong>Projets\/Voyages\/Concours<\/strong><\/p>\n<p><em>Cette section est r\u00e9serv\u00e9e aux concours auxquels les \u00e9l\u00e8ves peuvent participer, les opportunit\u00e9s de voyage et les projets qui leur sont propos\u00e9s.<\/em>[\/vc_column_text][vc_separator][vc_column_text]<img loading=\"lazy\" decoding=\"async\" class=\"aligncenter wp-image-186\" src=\"https:\/\/sommet.centreest.ca\/wp-content\/uploads\/2021\/08\/Sommet_banniere_Secondaire.jpg\" alt=\"\" width=\"1771\" height=\"371\" srcset=\"https:\/\/sommet.centreest.ca\/wp-content\/uploads\/2021\/08\/Sommet_banniere_Secondaire.jpg 850w, https:\/\/sommet.centreest.ca\/wp-content\/uploads\/2021\/08\/Sommet_banniere_Secondaire-300x63.jpg 300w, https:\/\/sommet.centreest.ca\/wp-content\/uploads\/2021\/08\/Sommet_banniere_Secondaire-768x161.jpg 768w\" sizes=\"auto, (max-width: 1771px) 100vw, 1771px\" \/>[\/vc_column_text][vc_column_text]<strong>Ressources p\u00e9dagogiques<\/strong><\/p>\n<p><strong><a href=\"https:\/\/www.alloprof.qc.ca\" target=\"_blank\" rel=\"noopener nofollow\">Aide aux devoirs &#8211; Allo prof<\/a><\/strong><\/p>\n<p>&nbsp;<\/p>\n<p><strong>Sites Web et applications int\u00e9ressantes<\/strong><\/p>\n<p><a href=\"https:\/\/sommet.centreest.ca\/wp-content\/uploads\/2021\/08\/Temps-decran-educatif.pdf\" target=\"_blank\" rel=\"noopener\"><strong>Liste de sites Web \u00e9ducatifs<\/strong><\/a><\/p>\n<p><a href=\"https:\/\/ici.radio-canada.ca\/jeunesse\/maj\" target=\"_blank\" rel=\"noopener nofollow\"><strong>Actualit\u00e9 pour les jeunes &#8211; MAJ<\/strong><\/a><\/p>\n<p><a href=\"https:\/\/ici.radio-canada.ca\/jeunesse\/scolaire\/emissions\/441\/oniva\" target=\"_blank\" rel=\"noopener nofollow\"><strong>\u00c9mission jeunesse &#8211; Oniva<\/strong><\/a><\/p>\n<p>&nbsp;<\/p>\n<p><strong>Projets\/Voyages\/Concours<\/strong><\/p>\n<p><em>Cette section est r\u00e9serv\u00e9e aux concours auxquels les \u00e9l\u00e8ves peuvent participer, les opportunit\u00e9s de voyage et les projets qui leur sont propos\u00e9s.<\/em><\/p>\n<p><strong><a href=\"https:\/\/cdmalberta.ca\/galala\/\" target=\"_blank\" rel=\"noopener nofollow\">Le Galala<\/a><\/strong><\/p>\n<p><strong><a href=\"https:\/\/www.fjalberta.ca\" target=\"_blank\" rel=\"noopener nofollow\">FJA<\/a><\/strong><\/p>\n<p><strong><a href=\"https:\/\/francaisanglais.ca\/destination-clic\/\" target=\"_blank\" rel=\"noopener nofollow\">Destination Clic<\/a><\/strong><\/p>\n<p><strong><a href=\"https:\/\/www.ualberta.ca\/camps\/science\/index.html\" target=\"_blank\" rel=\"noopener nofollow\">Camps d&#8217;\u00e9t\u00e9 scientifiques-UofA<\/a><\/strong><\/p>\n<p>&nbsp;<\/p>\n<p><strong>Bourses<\/strong><\/p>\n<p><em>Vous trouverez ici les bourses et les prix disponibles pour les \u00e9l\u00e8ves de l&#8217;\u00e9cole du Sommet.<\/em><\/p>\n<p><a href=\"https:\/\/sommet.centreest.ca\/wp-content\/uploads\/2021\/08\/Guide-Bourses-CSCE-2020-2021.pdf\" target=\"_blank\" rel=\"noopener\"><strong>Guide d&#8217;application aux bourses 2020-2021<\/strong><\/a><\/p>\n<p><a href=\"https:\/\/sommet.centreest.ca\/wp-content\/uploads\/2021\/08\/Programmes-de-bourses-locales-St-Paul-2.pdf\" target=\"_blank\" rel=\"noopener\"><strong>Programmes de bourses locales<\/strong><\/a><\/p>\n<p><strong><a href=\"https:\/\/alis.alberta.ca\" target=\"_blank\" rel=\"noopener nofollow\">www.alis.alberta.ca<\/a><\/strong><\/p>\n<p><strong><a href=\"https:\/\/www.scholarshipscanada.com\" target=\"_blank\" rel=\"noopener nofollow\">www.scholarshipscanada.com<\/a><\/strong><\/p>\n<p><strong><a href=\"https:\/\/tradesecrets.alberta.ca\" target=\"_blank\" rel=\"noopener nofollow\">www.tradesecrets.alberta.ca<\/a><\/strong><\/p>\n<p><strong><a href=\"https:\/\/www.canada.ca\/fr\/services\/prestations\/education.html\" target=\"_blank\" rel=\"noopener nofollow\">www.cibletudes.ca<\/a><\/strong>[\/vc_column_text][vc_separator][vc_column_text]<img loading=\"lazy\" decoding=\"async\" class=\"aligncenter size-full wp-image-184\" src=\"https:\/\/sommet.centreest.ca\/wp-content\/uploads\/2021\/08\/Sommet_banniere_SanteMentale.jpg\" alt=\"\" width=\"1771\" height=\"371\" srcset=\"https:\/\/sommet.centreest.ca\/wp-content\/uploads\/2021\/08\/Sommet_banniere_SanteMentale.jpg 1771w, https:\/\/sommet.centreest.ca\/wp-content\/uploads\/2021\/08\/Sommet_banniere_SanteMentale-300x63.jpg 300w, https:\/\/sommet.centreest.ca\/wp-content\/uploads\/2021\/08\/Sommet_banniere_SanteMentale-1024x215.jpg 1024w, https:\/\/sommet.centreest.ca\/wp-content\/uploads\/2021\/08\/Sommet_banniere_SanteMentale-768x161.jpg 768w, https:\/\/sommet.centreest.ca\/wp-content\/uploads\/2021\/08\/Sommet_banniere_SanteMentale-1536x322.jpg 1536w\" sizes=\"auto, (max-width: 1771px) 100vw, 1771px\" \/>[\/vc_column_text][vc_column_text]<em>Vous trouverez ici des ressources et des programmes pour le bien-\u00eatre et la sant\u00e9 mentale.<\/em><\/p>\n<p><a href=\"https:\/\/reseausantealbertain.ca\" target=\"_blank\" rel=\"noopener nofollow\"><strong>R\u00e9seau sant\u00e9 Alberta<\/strong><\/a><\/p>\n<p><strong><a href=\"https:\/\/jack.org\/Resources\/ABHub\" target=\"_blank\" rel=\"noopener nofollow\">Carrefour de ressources (anglais) &#8211; Jack.org<\/a><\/strong><\/p>\n<p><a href=\"https:\/\/fondationjeunesentete.org\/nos-actions\/atelier-solidaires-pour-la-sante-mentale\/\" target=\"_blank\" rel=\"noopener nofollow\"><strong>Fondation Jeunes en t\u00eate<\/strong><\/a><\/p>\n<p><a href=\"https:\/\/www.participaction.com\/fr-ca\/\" target=\"_blank\" rel=\"noopener nofollow\"><strong>Activit\u00e9s physiques et bien-\u00eatre &#8211; Particip&#8217;Action<\/strong><\/a>[\/vc_column_text][vc_separator][vc_column_text]<img loading=\"lazy\" decoding=\"async\" class=\"aligncenter size-full wp-image-180\" src=\"https:\/\/sommet.centreest.ca\/wp-content\/uploads\/2021\/08\/Sommet_banniere_ConseitEtudiant.jpg\" alt=\"\" width=\"1771\" height=\"371\" srcset=\"https:\/\/sommet.centreest.ca\/wp-content\/uploads\/2021\/08\/Sommet_banniere_ConseitEtudiant.jpg 1771w, https:\/\/sommet.centreest.ca\/wp-content\/uploads\/2021\/08\/Sommet_banniere_ConseitEtudiant-300x63.jpg 300w, https:\/\/sommet.centreest.ca\/wp-content\/uploads\/2021\/08\/Sommet_banniere_ConseitEtudiant-1024x215.jpg 1024w, https:\/\/sommet.centreest.ca\/wp-content\/uploads\/2021\/08\/Sommet_banniere_ConseitEtudiant-768x161.jpg 768w, https:\/\/sommet.centreest.ca\/wp-content\/uploads\/2021\/08\/Sommet_banniere_ConseitEtudiant-1536x322.jpg 1536w\" sizes=\"auto, (max-width: 1771px) 100vw, 1771px\" \/>[\/vc_column_text][vc_column_text]Activit\u00e9s organis\u00e9es par le conseil \u00e9tudiant<\/p>\n<p><strong>Septembre 2022<\/strong><\/p>\n<p>Le conseil \u00e9tudiant organise une journ\u00e9e th\u00e8me par\u00a0semaine pour les \u00e9l\u00e8ves afin d\u2019encourager l\u2019esprit d\u2019\u00e9quipe et\u00a0la participation de tous les \u00e9l\u00e8ves.<\/p>\n<ul>\n<li>Activit\u00e9s \u00e0 venir<\/li>\n<\/ul>\n<p>[\/vc_column_text][vc_separator][vc_column_text]<img loading=\"lazy\" decoding=\"async\" class=\"aligncenter wp-image-188\" src=\"https:\/\/sommet.centreest.ca\/wp-content\/uploads\/2021\/08\/Sommet_banniere_Sports.jpg\" alt=\"\" width=\"1771\" height=\"371\" srcset=\"https:\/\/sommet.centreest.ca\/wp-content\/uploads\/2021\/08\/Sommet_banniere_Sports.jpg 850w, https:\/\/sommet.centreest.ca\/wp-content\/uploads\/2021\/08\/Sommet_banniere_Sports-300x63.jpg 300w, https:\/\/sommet.centreest.ca\/wp-content\/uploads\/2021\/08\/Sommet_banniere_Sports-768x161.jpg 768w\" sizes=\"auto, (max-width: 1771px) 100vw, 1771px\" \/>[\/vc_column_text][vc_column_text]<\/p>\n<div><strong>Alberta Schools\u2019 Athletic Association <a href=\"http:\/\/www.asaa.ca\/\" target=\"_blank\" rel=\"noopener nofollow\" data-saferedirecturl=\"https:\/\/www.google.com\/url?q=http:\/\/www.asaa.ca&amp;source=gmail&amp;ust=1622300975719000&amp;usg=AFQjCNFffVbyogpv7z7x6NXKFTOdXY3Sgg\">www.asaa.ca<\/a><\/strong><\/div>\n<div><\/div>\n<div><\/div>\n<div><strong>Northeast Alberta Schools\u2019 Athletic Association <a href=\"http:\/\/www.neasaa.org\/\" target=\"_blank\" rel=\"noopener nofollow\" data-saferedirecturl=\"https:\/\/www.google.com\/url?q=http:\/\/www.neasaa.org&amp;source=gmail&amp;ust=1622300975719000&amp;usg=AFQjCNH8-Im7ZFS3iwjUweicI4e2xNCtFg\">www.neasaa.org<\/a><\/strong><\/div>\n<div><\/div>\n<div><\/div>\n<div><strong>Lakeland Schools Athletic Association\u00a0 <a href=\"http:\/\/www.lsaa.ca\/\" target=\"_blank\" rel=\"noopener nofollow\" data-saferedirecturl=\"https:\/\/www.google.com\/url?q=http:\/\/www.lsaa.ca&amp;source=gmail&amp;ust=1622300975719000&amp;usg=AFQjCNFKSNAl2RIXH3mDbLqTDNCPyNVodg\">www.lsaa.ca<\/a><\/strong><\/div>\n<div><\/div>\n<div><\/div>\n<div><strong>F\u00e9d\u00e9ration du sport francophone de l\u2019Alberta (Jeux Francophones de l\u2019Alberta)\u00a0 <a href=\"https:\/\/lafsfa.ca\/\" target=\"_blank\" rel=\"noopener nofollow\" data-saferedirecturl=\"https:\/\/www.google.com\/url?q=https:\/\/lafsfa.ca\/&amp;source=gmail&amp;ust=1622300975719000&amp;usg=AFQjCNHaBVTaSyDWVKxOzqbrGcOtQHku1w\">https:\/\/lafsfa.ca\/<\/a><\/strong><\/div>\n<div><\/div>\n<div><strong>Jeux de la Francophonie Canadienne\u00a0 <a href=\"https:\/\/jeuxfc.ca\/\" target=\"_blank\" rel=\"noopener nofollow\" data-saferedirecturl=\"https:\/\/www.google.com\/url?q=https:\/\/jeuxfc.ca\/&amp;source=gmail&amp;ust=1622300975720000&amp;usg=AFQjCNE9IQHmJbG4xGRDAhDYi6jFEpXsgg\">https:\/\/jeuxfc.ca\/<\/a><\/strong><\/div>\n<p>[\/vc_column_text][\/vc_column][\/vc_row]<\/p>\n<\/div>","protected":false},"excerpt":{"rendered":"<p>[vc_row][vc_column][vc_column_text]You will find all kinds of information in this page specially created for you. All the resources are in French.[\/vc_column_text][vc_separator][vc_column_text] Pour tous R\u00e8glements d&#8217;\u00e9cole Code de vie de l&#8217;\u00e9cole du Sommet[\/vc_column_text][vc_separator][vc_column_text][\/vc_column_text][vc_column_text]Ressources p\u00e9dagogiques Aide aux devoirs &#8211; Allo Prof Francophonie canadienne &#8211; ACELF &nbsp; Sites Web et applications int\u00e9ressantes Liste de sites Web \u00e9ducatifs Actualit\u00e9 pour [&hellip;]<\/p>\n","protected":false},"author":1,"featured_media":0,"parent":0,"menu_order":0,"comment_status":"closed","ping_status":"closed","template":"","meta":{"footnotes":""},"class_list":["post-2797","page","type-page","status-publish","hentry"],"_links":{"self":[{"href":"https:\/\/sommet.centreest.ca\/en\/wp-json\/wp\/v2\/pages\/2797","targetHints":{"allow":["GET"]}}],"collection":[{"href":"https:\/\/sommet.centreest.ca\/en\/wp-json\/wp\/v2\/pages"}],"about":[{"href":"https:\/\/sommet.centreest.ca\/en\/wp-json\/wp\/v2\/types\/page"}],"author":[{"embeddable":true,"href":"https:\/\/sommet.centreest.ca\/en\/wp-json\/wp\/v2\/users\/1"}],"replies":[{"embeddable":true,"href":"https:\/\/sommet.centreest.ca\/en\/wp-json\/wp\/v2\/comments?post=2797"}],"version-history":[{"count":7,"href":"https:\/\/sommet.centreest.ca\/en\/wp-json\/wp\/v2\/pages\/2797\/revisions"}],"predecessor-version":[{"id":3511,"href":"https:\/\/sommet.centreest.ca\/en\/wp-json\/wp\/v2\/pages\/2797\/revisions\/3511"}],"wp:attachment":[{"href":"https:\/\/sommet.centreest.ca\/en\/wp-json\/wp\/v2\/media?parent=2797"}],"curies":[{"name":"wp","href":"https:\/\/api.w.org\/{rel}","templated":true}]}}