{"id":2801,"date":"2021-08-27T11:31:38","date_gmt":"2021-08-27T11:31:38","guid":{"rendered":"https:\/\/sommet.centreest.ca\/?page_id=2801"},"modified":"2021-08-27T13:33:26","modified_gmt":"2021-08-27T13:33:26","slug":"coup-de-coeur","status":"publish","type":"page","link":"https:\/\/sommet.centreest.ca\/en\/equipe\/coup-de-coeur\/","title":{"rendered":"Coup de coeur"},"content":{"rendered":"<div class=\"wpb-content-wrapper\"><p>[vc_row][vc_column][vc_column_text]<img decoding=\"async\" class=\"alignnone size-full wp-image-1873\" src=\"https:\/\/sommet.centreest.ca\/wp-content\/uploads\/2021\/08\/banniere_coup.jpg\" alt=\"\" \/>[\/vc_column_text][vc_empty_space height=&#8221;12px&#8221;][\/vc_column][\/vc_row][vc_row][vc_column]\t\t<!-- HTML CODE WILL GOES HERE - START -->\n\t\t<!-- Testimonial Section -->\n\t\t<div class=\"testimonial-section pt_0 pb_0\">\n\t\t\t<div id=\"carouselExampleControls\" class=\"carousel slide carousel-fade\" data-bs-ride=\"carousel\">\n\t\t\t\t<div class=\"carousel-inner\">\n\t\t\t\t\t\t\t\t\t\t\t<div class=\"carousel-item active\">\n\t\t\t\t\t\t\t<div class=\"testi-box text-center\">\n\t\t\t\t\t\t\t\t<div class=\"testi-box-inner\">\n\t\t\t\t\t\t\t\t\t<i class=\"quote-icon icon-signs1\"><\/i>\n\t\t\t\t\t\t\t\t\t<h5>\u00c9cole du Sommet<\/h5>\t\t\t\t\t\t\t\t\t<p>I am truly happy that we choose \u00c9cole du Sommet and a Francophone Education for our son.  The staff at the school are always encouraging and helpful to both our child and us.  I love the fact that the staff is patient and understanding with my attempts to learn French as well.<\/p>\n\t\t\t\t\t\t\t\t\t\t\t\t\t\t\t\t\t\t\t<div class=\"author-info\">\n\t\t\t\t\t\t\t\t\t\t\t<p><i>Monique Poulin<\/i><\/p>\n\t\t\t\t\t\t\t\t\t\t<\/div>\n\t\t\t\t\t\t\t\t\t\t\t\t\t\t\t\t\t\t<\/div>\n\t\t\t\t\t\t\t<\/div>\n\t\t\t\t\t\t<\/div>\n\t\t\t\t\t\t\t\t\t\t\t\t<div class=\"carousel-item\">\n\t\t\t\t\t\t\t<div class=\"testi-box text-center\">\n\t\t\t\t\t\t\t\t<div class=\"testi-box-inner\">\n\t\t\t\t\t\t\t\t\t<i class=\"quote-icon icon-signs1\"><\/i>\n\t\t\t\t\t\t\t\t\t<h5>Mon exp\u00e9rience \u00e0 cette \u00e9cole est tr\u00e8s positive<\/h5>\t\t\t\t\t\t\t\t\t<p>\u00c0 l'\u00c9cole du Sommet, tout le monde se conna\u00eet et c'est comme une grande famille; il n'y a pas vraiment des groupes sociaux distincts. J'aime qu'on nous montre la culture francophone et qu\u2019on nous expose \u00e0 toutes les activit\u00e9s amusantes qui sont des traditions francophones, comme le carnasucre, l'\u00e9pluchette de bl\u00e9 dinde et le lever du drapeau. Mon exp\u00e9rience \u00e0 cette \u00e9cole est tr\u00e8s positive: j'ai rencontr\u00e9 des personnes qui sont vraiment incroyables, les enseignants sont vraiment bons \u00e0 ce qu'ils font et je vois beaucoup de joie autour de moi. J'aime mon \u00e9cole et j'en suis fi\u00e8re!<\/p>\n\t\t\t\t\t\t\t\t\t\t\t\t\t\t\t\t\t\t\t<div class=\"author-info\">\n\t\t\t\t\t\t\t\t\t\t\t<p><i>Melanie Jubinville<\/i><br \/>\n\u00c9l\u00e8ve<\/p>\n\t\t\t\t\t\t\t\t\t\t<\/div>\n\t\t\t\t\t\t\t\t\t\t\t\t\t\t\t\t\t\t<\/div>\n\t\t\t\t\t\t\t<\/div>\n\t\t\t\t\t\t<\/div>\n\t\t\t\t\t\t\t\t\t\t\t\t<div class=\"carousel-item\">\n\t\t\t\t\t\t\t<div class=\"testi-box text-center\">\n\t\t\t\t\t\t\t\t<div class=\"testi-box-inner\">\n\t\t\t\t\t\t\t\t\t<i class=\"quote-icon icon-signs1\"><\/i>\n\t\t\t\t\t\t\t\t\t<h5>La meilleure \u00e9cole pour mes enfants!<\/h5>\t\t\t\t\t\t\t\t\t<p>En tant que dipl\u00f4m\u00e9e de l'\u00e9cole du Sommet, et maintenant une m\u00e8re de quatre \u00e9l\u00e8ves qui fr\u00e9quentent l\u2019\u00e9cole, de la pr\u00e9maternelle \u00e0 la 7e ann\u00e9e, je ne peux pas penser \u00e0 une meilleure \u00e9cole pour mes enfants! J'adore me sentir comme une famille \u00e0 l\u2019\u00e9cole du Sommet! En plus, je me sens toujours invit\u00e9e \u00e0 prendre part \u00e0 l'\u00e9ducation de mes enfants et aux activit\u00e9s culturelles de l'\u00e9cole!<\/p>\n\t\t\t\t\t\t\t\t\t\t\t\t\t\t\t\t\t\t\t<div class=\"author-info\">\n\t\t\t\t\t\t\t\t\t\t\t<p><i>Lianne Germain<\/i><\/p>\n\t\t\t\t\t\t\t\t\t\t<\/div>\n\t\t\t\t\t\t\t\t\t\t\t\t\t\t\t\t\t\t<\/div>\n\t\t\t\t\t\t\t<\/div>\n\t\t\t\t\t\t<\/div>\n\t\t\t\t\t\t\t\t\t\t<\/div>\n\t\t\t<\/div>\n\t\t<\/div><!-- Testimonial Section \/- -->\n\t\t<!-- HTML CODE WILL GOES HERE - END -->\n\t\t[\/vc_column][\/vc_row]<\/p>\n<\/div>","protected":false},"excerpt":{"rendered":"<p>[vc_row][vc_column][vc_column_text][\/vc_column_text][vc_empty_space height=&#8221;12px&#8221;][\/vc_column][\/vc_row][vc_row][vc_column][\/vc_column][\/vc_row]<\/p>\n","protected":false},"author":1,"featured_media":0,"parent":2800,"menu_order":0,"comment_status":"closed","ping_status":"closed","template":"","meta":{"footnotes":""},"class_list":["post-2801","page","type-page","status-publish","hentry"],"_links":{"self":[{"href":"https:\/\/sommet.centreest.ca\/en\/wp-json\/wp\/v2\/pages\/2801","targetHints":{"allow":["GET"]}}],"collection":[{"href":"https:\/\/sommet.centreest.ca\/en\/wp-json\/wp\/v2\/pages"}],"about":[{"href":"https:\/\/sommet.centreest.ca\/en\/wp-json\/wp\/v2\/types\/page"}],"author":[{"embeddable":true,"href":"https:\/\/sommet.centreest.ca\/en\/wp-json\/wp\/v2\/users\/1"}],"replies":[{"embeddable":true,"href":"https:\/\/sommet.centreest.ca\/en\/wp-json\/wp\/v2\/comments?post=2801"}],"version-history":[{"count":0,"href":"https:\/\/sommet.centreest.ca\/en\/wp-json\/wp\/v2\/pages\/2801\/revisions"}],"up":[{"embeddable":true,"href":"https:\/\/sommet.centreest.ca\/en\/wp-json\/wp\/v2\/pages\/2800"}],"wp:attachment":[{"href":"https:\/\/sommet.centreest.ca\/en\/wp-json\/wp\/v2\/media?parent=2801"}],"curies":[{"name":"wp","href":"https:\/\/api.w.org\/{rel}","templated":true}]}}